{"id":4,"date":"2017-11-20T21:42:57","date_gmt":"2017-11-20T20:42:57","guid":{"rendered":"http:\/\/gs-bau-gmbh.de\/in\/?page_id=4"},"modified":"2026-05-06T22:32:28","modified_gmt":"2026-05-06T20:32:28","slug":"impressum","status":"publish","type":"page","link":"https:\/\/www.gs-bau-gmbh.de\/in\/impressum\/","title":{"rendered":"Impressum"},"content":{"rendered":"<p><strong>Impressum<\/strong><\/p>\n<p><strong>Angaben gem\u00e4\u00df \u00a75 Digitale-Dienste-Gesetz (DDG):<\/strong><\/p>\n<p><strong>Dienstanbieter:<\/strong><br \/>\nGl\u00e4nzel Baudienstleistungen GmbH<br \/>\nBuchholzer Stra\u00dfe 55-61<br \/>\n13156 Berlin<\/p>\n<p><strong>Vertretungsberechtigt:<br \/>\n<\/strong>Mike Gl\u00e4nzel<br \/>\n<strong><br \/>\nGesch\u00e4ftsf\u00fchrer:<br \/>\n<\/strong>Mike Gl\u00e4nzel<\/p>\n<p><strong>Handelsregister Nr. :<\/strong><br \/>\nAmtsgericht Berlin-Charlottenburg, HRB 115740B<\/p>\n<p><strong>Umsatzsteuer-Identifikationsnummer:<\/strong><br \/>\nDE261592527<\/p>\n<p><strong>Kontakt:<\/strong><\/p>\n<p><strong>Email:<\/strong> info@gs-bau-gmbh.de<br \/>\n<strong>Telefon:<\/strong> 030 &#8211; 24356674<br \/>\n<strong>Fax:<\/strong> 030 &#8211; 24356673<\/p>\n<p><strong> Web:<\/strong> www.glaenzel-bau-gmbh.de<\/p>\n<p><strong>Domain<\/strong>:<br \/>\ngs-bau-gmbh.de<br \/>\nglaenzel-bau-gmbh.de<\/p>\n<p><strong>Verantwortlich f\u00fcr den Inhalt nach \u00a7 55 Abs. 2 RStV:\u00a0<\/strong><br \/>\nMike Gl\u00e4nzel (Gesch\u00e4ftsf\u00fchrer)<br \/>\nGl\u00e4nzel Baudienstleistungen GmbH<strong>,<\/strong> Buchholzer Stra\u00dfe 55-61, 13156 Berlin<\/p>\n<p><strong>Verbraucherschlichtung:<\/strong><br \/>\nWir sind zur Teilnahme an einem Streitbeilegungsverfahren vor einer Verbraucherschlichtungsstelle weder verpflichtet noch bereit.<\/p>\n<p><strong>Haftungsausschlu\u00df<\/strong><\/p>\n<p>1. Inhalt des Onlineangebotes<br \/>\nDer Autor selbst und die Informationszubringer sind stets bem\u00fcht, qualitativ hochwertige Informationen zur Verf\u00fcgung zu stellen. Trotzdem \u00fcbernimmt der Autor keinerlei Gew\u00e4hr f\u00fcr die Aktualit\u00e4t, Korrektheit, Vollst\u00e4ndigkeit oder Qualit\u00e4t der bereitgestellten Informationen. Haftungsanspr\u00fcche gegen den Autor, die sich auf Sch\u00e4den materieller oder ideeller Art beziehen, welche durch die Nutzung oder Nichtnutzung der dargebotenen Informationen bzw. durch die Nutzung fehlerhafter und unvollst\u00e4ndiger Informationen verursacht wurden sind grunds\u00e4tzlich ausgeschlossen, sofern seitens des Autors kein nachweislich vors\u00e4tzliches oder grob fahrl\u00e4ssiges Verschulden vorliegt. Alle Angebote sind freibleibend und unverbindlich. Der Autor beh\u00e4lt es sich ausdr\u00fccklich vor, Teile der Seiten oder das gesamte Angebot ohne gesonderte Ank\u00fcndigung zu ver\u00e4ndern, zu erg\u00e4nzen, zu l\u00f6schen oder die Ver\u00f6ffentlichung zeitweise oder endg\u00fcltig einzustellen.<\/p>\n<p>2. Verweise und Links<br \/>\nSofern auf Verweisziele (\u201cLinks\u201d) direkt oder indirekt verwiesen wird, die au\u00dferhalb des Verantwortungsbereiches des Autors liegen, haftet dieser nur dann, wenn er von den Inhalten Kenntnis hat und es ihm technisch m\u00f6glich und zumutbar w\u00e4re, die Nutzung im Falle rechtswidriger Inhalte zu verhindern. F\u00fcr dar\u00fcber hinausgehende Inhalte und insbesondere f\u00fcr Sch\u00e4den, die aus der Nutzung oder Nichtnutzung solcherart dargebotener Informationen entstehen, haftet allein der Anbieter dieser Seiten, nicht derjenige, der \u00fcber Links auf die jeweilige Ver\u00f6ffentlichung lediglich verweist. Diese Einschr\u00e4nkung gilt gleicherma\u00dfen auch f\u00fcr Fremdeintr\u00e4ge in vom Autor eingerichteten G\u00e4steb\u00fcchern, Diskussionsforen und Mailinglisten.<\/p>\n<p>3. Urheberrecht<br \/>\nDer Autor ist bestrebt, in allen Publikationen die Urheberrechte der verwendeten Grafiken, Videos, Sounds und Texte zu beachten, von ihm selbst erstellte Grafiken, Videos, Sounds und Texte zu nutzen oder auf lizenzfreie Grafiken, Sounds und Texte zur\u00fcckzugreifen. Sollte sich auf den jeweiligen Seiten dennoch eine ungekennzeichnete, aber durch fremdes Copyright gesch\u00fctzte Grafik, ein Sound oder Text befinden, so konnte das Copyright vom Autor nicht festgestellt werden. Im Falle einer solchen unbeabsichtigten Copyrightverletzung wird der Autor das entsprechende Objekt nach Benachrichtigung aus seiner Publikation entfernen bzw. mit dem entsprechenden Copyright kenntlich machen. S\u00e4mtliche Abbildungen und Fotos auf der Webseite antiking.de sind urheberrechtlich gesch\u00fctzt. Bitte habt Verst\u00e4ndnis, dass der Missbrauch strafrechtlich verfolgt werden kann.<\/p>\n<p>4. Rechtswirksamkeit dieses Haftungsausschlusses<br \/>\nDieser Haftungsausschluss ist als Teil des Internetangebotes zu betrachten, von dem aus auf diese Seite verwiesen wurde. Sofern Teile oder einzelne Formulierungen dieses Textes der geltenden Rechtslage nicht, nicht mehr oder nicht vollst\u00e4ndig entsprechen sollten, bleiben die \u00fcbrigen Teile des Dokumentes in ihrem Inhalt und ihrer G\u00fcltigkeit davon unber\u00fchrt.<\/p>\n<p>5. Schadensersatzanspr\u00fcche des Kunden sind, soweit sich nachstehend nichts anderes ergibt, unabh\u00e4ngig von ihrem Rechtsgrund ausgeschlossen. Dieser Haftungsausschluss gilt nicht, soweit ein Personenschaden vorliegt oder der Schaden auf Vorsatz oder grober Fahrl\u00e4ssigkeit oder auf einer Verletzung vertragswesentlicher Pflichten beruht.<\/p>\n<p>6. Soweit die Haftung f\u00fcr Gl\u00e4nzel Baudienstleistungen GmbH ausgeschlossen oder begrenzt ist, gilt dies auch f\u00fcr die Haftung der gesetzlichen Vertreter von Gl\u00e4nzel Baudienstleistungen GmbH.<\/p>\n<p>7. Gl\u00e4nzel Baudienstleistungen GmbH haftet nur f\u00fcr eigene Inhalte auf der Webseite www.gs-bau-gmbh.de . Soweit Gl\u00e4nzel Baudienstleistungen GmbH mit den Links den Zugang zu anderen Websites erm\u00f6glicht, ist sie f\u00fcr die dort erhaltenen fremden Inhalte nicht verantwortlich. Sie macht sich die fremden Inhalte nicht zu Eigen. Trotz sorgf\u00e4ltiger inhaltlicher Kontrolle \u00fcbernehmen wir keine Haftung f\u00fcr die Inhalte externer Links. F\u00fcr den Inhalt der verlinkten Seiten sind ausschlie\u00dflich deren Betreiber verantwortlich. Sofern Gl\u00e4nze Baudienstleistungen GmbH Kenntnis von rechtswidrigen Inhalten auf externen Websites erh\u00e4lt, wird sie den Zugang zu diesen Seiten unverz\u00fcglich sperren.<\/p>\n<p>8. Datenschutzerkl\u00e4rung<strong>:<br \/>\n<\/strong>Die Nutzung unserer Webseite ist in der Regel ohne Angabe personenbezogener Daten m\u00f6glich. Soweit auf unseren Seiten personenbezogene Daten (beispielsweise Name, Anschrift oder eMail-Adressen) erhoben werden, erfolgt dies, soweit m\u00f6glich, stets auf freiwilliger Basis. Diese Daten werden ohne Ihre ausdr\u00fcckliche Zustimmung nicht an Dritte weitergegeben.<br \/>\nWir weisen darauf hin, dass die Daten\u00fcbertragung im Internet (z.B. bei der Kommunikation per E-Mail) Sicherheitsl\u00fccken aufweisen kann. Ein l\u00fcckenloser Schutz der Daten vor dem Zugriff durch Dritte ist nicht m\u00f6glich.<br \/>\nDer Nutzung von im Rahmen der Impressumspflicht ver\u00f6ffentlichten Kontaktdaten durch Dritte zur \u00dcbersendung von nicht ausdr\u00fccklich angeforderter Werbung und Informationsmaterialien wird hiermit ausdr\u00fccklich widersprochen. Die Betreiber der Seiten behalten sich ausdr\u00fccklich rechtliche Schritte im Falle der unverlangten Zusendung von Werbeinformationen, etwa durch Spam-Mails, vor.<\/p>\n<p>9. Gerichtsstand<br \/>\nGerichtsstand und Erf\u00fcllungsort ist f\u00fcr beide Parteien Berlin.<\/p>\n<p>10. Salvatorische Klausel<br \/>\nSollten einer oder mehrere Punkte unserer Allgemeinen Gesch\u00e4ftsbedingungen unwirksam sein oder werden, hat dies keine Beeintr\u00e4chtigung auf die Wirksamkeit der verbleibenden Punkte und die Wirksamkeit des Vertrages in seiner Gesamtheit. An die Stelle der unwirksamen Bestimmung soll diejenige Regelung treten, deren Wirkung der wirtschaftlichen Zielsetzung m\u00f6glichst nahe kommt, die die Vertragsparteien mit der unwirksamen Bestimmung verfolgt haben. \u00a7 139 BGB ist ausgeschlossen.<\/p>\n","protected":false},"excerpt":{"rendered":"<p>Impressum Angaben gem\u00e4\u00df \u00a75 Digitale-Dienste-Gesetz (DDG): Dienstanbieter: Gl\u00e4nzel Baudienstleistungen GmbH Buchholzer Stra\u00dfe 55-61 13156 Berlin Vertretungsberechtigt: Mike Gl\u00e4nzel Gesch\u00e4ftsf\u00fchrer: Mike Gl\u00e4nzel Handelsregister Nr. : Amtsgericht Berlin-Charlottenburg, HRB 115740B Umsatzsteuer-Identifikationsnummer: DE261592527 Kontakt: Email: info@gs-bau-gmbh.de Telefon: 030 &#8211; 24356674 Fax: 030 &#8211; 24356673 Web: www.glaenzel-bau-gmbh.de Domain: gs-bau-gmbh.de glaenzel-bau-gmbh.de Verantwortlich f\u00fcr den Inhalt nach \u00a7 55 Abs. 2 &hellip; <a href=\"https:\/\/www.gs-bau-gmbh.de\/in\/impressum\/\" class=\"more-link\"><span class=\"screen-reader-text\">&#8222;Impressum&#8220; <\/span>weiterlesen<\/a><\/p>\n","protected":false},"author":1,"featured_media":0,"parent":0,"menu_order":0,"comment_status":"closed","ping_status":"closed","template":"","meta":{"footnotes":""},"class_list":["post-4","page","type-page","status-publish","hentry"],"_links":{"self":[{"href":"https:\/\/www.gs-bau-gmbh.de\/in\/wp-json\/wp\/v2\/pages\/4","targetHints":{"allow":["GET"]}}],"collection":[{"href":"https:\/\/www.gs-bau-gmbh.de\/in\/wp-json\/wp\/v2\/pages"}],"about":[{"href":"https:\/\/www.gs-bau-gmbh.de\/in\/wp-json\/wp\/v2\/types\/page"}],"author":[{"embeddable":true,"href":"https:\/\/www.gs-bau-gmbh.de\/in\/wp-json\/wp\/v2\/users\/1"}],"replies":[{"embeddable":true,"href":"https:\/\/www.gs-bau-gmbh.de\/in\/wp-json\/wp\/v2\/comments?post=4"}],"version-history":[{"count":19,"href":"https:\/\/www.gs-bau-gmbh.de\/in\/wp-json\/wp\/v2\/pages\/4\/revisions"}],"predecessor-version":[{"id":189,"href":"https:\/\/www.gs-bau-gmbh.de\/in\/wp-json\/wp\/v2\/pages\/4\/revisions\/189"}],"wp:attachment":[{"href":"https:\/\/www.gs-bau-gmbh.de\/in\/wp-json\/wp\/v2\/media?parent=4"}],"curies":[{"name":"wp","href":"https:\/\/api.w.org\/{rel}","templated":true}]}}