{"id":125,"date":"2017-11-21T14:28:12","date_gmt":"2017-11-21T13:28:12","guid":{"rendered":"https:\/\/www.gs-bau-gmbh.de\/in\/?page_id=125"},"modified":"2024-02-07T17:58:21","modified_gmt":"2024-02-07T16:58:21","slug":"datenschutzerklaerung","status":"publish","type":"page","link":"https:\/\/www.gs-bau-gmbh.de\/in\/datenschutzerklaerung\/","title":{"rendered":"Datenschutzerkl\u00e4rung"},"content":{"rendered":"<p><strong>Datenschutzerkl\u00e4rung<\/strong><\/p>\n<p>Die Nutzung unserer Webseite ist in der Regel ohne Angabe personenbezogener Daten m\u00f6glich. Soweit auf unseren Seiten personenbezogene Daten (beispielsweise Name, Anschrift oder eMail-Adressen) erhoben werden, erfolgt dies, soweit m\u00f6glich, stets auf freiwilliger Basis. Diese Daten werden ohne Ihre ausdr\u00fcckliche Zustimmung nicht an Dritte weitergegeben.<br \/>\nWir weisen darauf hin, dass die Daten\u00fcbertragung im Internet (z.B. bei der Kommunikation per E-Mail) Sicherheitsl\u00fccken aufweisen kann. Ein l\u00fcckenloser Schutz der Daten vor dem Zugriff durch Dritte ist nicht m\u00f6glich.<br \/>\nDer Nutzung von im Rahmen der Impressumspflicht ver\u00f6ffentlichten Kontaktdaten durch Dritte zur \u00dcbersendung von nicht ausdr\u00fccklich angeforderter Werbung und Informationsmaterialien wird hiermit ausdr\u00fccklich widersprochen. Die Betreiber der Seiten behalten sich ausdr\u00fccklich rechtliche Schritte im Falle der unverlangten Zusendung von Werbeinformationen, etwa durch Spam-Mails, vor.<\/p>\n<p>Ein wichtiges Anliegen von Gl\u00e4nzel Baudienstleistungen GmbH ist der Schutz der pers\u00f6nlichen Kundendaten. Deshalb beachtet Gl\u00e4nzel Baudienstleistungen GmbH die Vorschriften des Bundesdatenschutzgesetzes und des Telemediengesetzes.<\/p>\n<p>Dementsprechend speichert Gl\u00e4nzel Baudienstleistungen GmbH nur die zum Zwecke der Auftragsabwicklung notwendigen mitgeteilten personenbezogenen Daten. Dabei werden alle Kundendaten unter Beachtung der einschl\u00e4gigen Vorschriften des Bundesdatenschutzgesetzes (BDSG) und des Telemediengesetzes (TMG) von Gl\u00e4nzel Baudienstleistungen GmbH gespeichert und verarbeitet. Ihre personenbezogenen Daten einschlie\u00dflich ihrer Haus und Email-Adresse werden von uns nicht ohne deine ausdr\u00fcckliche und jederzeit widerrufliche Einwilligung an Dritte weitergeleitet. Ausgenommen hiervon sind unsere Dienstleistungspartner, die zur Bestellabwicklung die \u00dcbermittlung von Daten ben\u00f6tigen (z.B. das beauftragte Versandunternehmen mit der Lieferung und das mit der Zahlungsabwicklung beauftragte Kreditinstitut). In diesen F\u00e4llen beschr\u00e4nkt sich der Umfang der \u00fcbermittelten Daten jedoch nur auf das erforderliche Minimum.<\/p>\n<p>Die Nutzung oder \u00dcbermittlung von Daten f\u00fcr Zwecke der Werbung oder der Markt- und Meinungsforderung kann der Kunde jederzeit widersprechen. Den Widerspruch kann \u00a0bitte gesendet werden an:<\/p>\n<p><em>Gl\u00e4nzel Baudienstleistungen GmbH<br \/>\nBuchholzer Stra\u00dfe 55-61,<br \/>\n13156 Berlin<\/em><\/p>\n<p>Per E-mail<br \/>\ninfo@gs-bau-gmbh.de<\/p>\n<p>Nach Erhalt des Widerspruchs stellt Gl\u00e4nzel Baudienstleistungen GmbH die Zusendung von Werbemitteln und die Weitergabe f\u00fcr Werbezwecke unverz\u00fcglich ein.<\/p>\n<p>\u00dcber den Server Log Files des Kunden erheben und speichern wir automatisch Informationen, welche \u00fcber den Browser des Kunden \u00fcbermittelt wird. Diese Informationen sind z.B.: Browser, Betriebssystem, URL der letzten besuchten Seite, IP-Adresse und Uhrzeit. Diese Daten sind f\u00fcr uns nicht bestimmten Personen zuzuordnen. Eine Zusammenf\u00fchrung dieser Daten mit anderen Datenquellen wird nicht vorgenommen.<\/p>\n","protected":false},"excerpt":{"rendered":"<p>Datenschutzerkl\u00e4rung Die Nutzung unserer Webseite ist in der Regel ohne Angabe personenbezogener Daten m\u00f6glich. Soweit auf unseren Seiten personenbezogene Daten (beispielsweise Name, Anschrift oder eMail-Adressen) erhoben werden, erfolgt dies, soweit m\u00f6glich, stets auf freiwilliger Basis. Diese Daten werden ohne Ihre ausdr\u00fcckliche Zustimmung nicht an Dritte weitergegeben. Wir weisen darauf hin, dass die Daten\u00fcbertragung im Internet &hellip; <a href=\"https:\/\/www.gs-bau-gmbh.de\/in\/datenschutzerklaerung\/\" class=\"more-link\"><span class=\"screen-reader-text\">&#8222;Datenschutzerkl\u00e4rung&#8220; <\/span>weiterlesen<\/a><\/p>\n","protected":false},"author":1,"featured_media":0,"parent":0,"menu_order":0,"comment_status":"closed","ping_status":"closed","template":"","meta":{"footnotes":""},"class_list":["post-125","page","type-page","status-publish","hentry"],"_links":{"self":[{"href":"https:\/\/www.gs-bau-gmbh.de\/in\/wp-json\/wp\/v2\/pages\/125","targetHints":{"allow":["GET"]}}],"collection":[{"href":"https:\/\/www.gs-bau-gmbh.de\/in\/wp-json\/wp\/v2\/pages"}],"about":[{"href":"https:\/\/www.gs-bau-gmbh.de\/in\/wp-json\/wp\/v2\/types\/page"}],"author":[{"embeddable":true,"href":"https:\/\/www.gs-bau-gmbh.de\/in\/wp-json\/wp\/v2\/users\/1"}],"replies":[{"embeddable":true,"href":"https:\/\/www.gs-bau-gmbh.de\/in\/wp-json\/wp\/v2\/comments?post=125"}],"version-history":[{"count":11,"href":"https:\/\/www.gs-bau-gmbh.de\/in\/wp-json\/wp\/v2\/pages\/125\/revisions"}],"predecessor-version":[{"id":159,"href":"https:\/\/www.gs-bau-gmbh.de\/in\/wp-json\/wp\/v2\/pages\/125\/revisions\/159"}],"wp:attachment":[{"href":"https:\/\/www.gs-bau-gmbh.de\/in\/wp-json\/wp\/v2\/media?parent=125"}],"curies":[{"name":"wp","href":"https:\/\/api.w.org\/{rel}","templated":true}]}}